{"id":4496,"date":"2022-11-22T09:08:56","date_gmt":"2022-11-22T08:08:56","guid":{"rendered":"https:\/\/julie-jolie.de\/?page_id=4496"},"modified":"2022-11-22T15:38:23","modified_gmt":"2022-11-22T14:38:23","slug":"monochrome-awards","status":"publish","type":"page","link":"https:\/\/julie-jolie.de\/en\/monochrome-awards\/","title":{"rendered":"Monochrome Awards"},"content":{"rendered":"<p><img decoding=\"async\" src=\"\/wp-content\/uploads\/2022\/01\/monochrome-logo-bw.jpg\" alt=\"Monochrome Awards International Black &#038; White Photography Contest Logo\"><\/p>\n<div>\n<p><span>The Monochrome Awards, a special competition exclusively for black and white photographs, has been an award for photographers worldwide since 2014. <\/span><\/p>\n<p><span>Again, it&#8217;s not just about babies, but in principle about all types of photography, as long as they are monochrome, i.e. black &amp; white. <\/span><\/p>\n<p><span>The awards describe themselves as follows: &#8220;The Monochrome Awards are primarily aimed at people for whom photography is a passion and a way of life. It is a platform where professionals and amateurs can submit their shots in a sea of ambitious and creative photographers from all over the world,&#8230; to show their work to an international audience.&#8221; <\/span><\/p>\n<p><span>Numerous categories, whether fashion, art, landscape or architectural photography, offer a wide range for countless artists.<\/span><\/p>\n<p><span>Those who are addicted to traditional photography will find breathtaking photos here.<\/span><\/p>\n<p><span>I am therefore very pleased that my pictures have attracted attention despite the abundance of photographers and great photos. The baby photography is not particularly highlighted in this competition so that I was rather afraid that the pictures &#8220;go down&#8221;.<\/span><\/p>\n<\/div>\n<h2>Monochrome Awards 2021<\/h2>\n<ul>\n<li>\n<p>        <img decoding=\"async\" src=\"\/wp-content\/uploads\/2022\/01\/Julie-Jolie-Monochrome-Awards-Portrait_2021.jpg\" alt=\"Das Bild zeigt 5 Kinder und ein Baby. In der Mitte steht der gro\u00dfe Bruder, der das Baby auf dem Arm h\u00e4lt, rechts und links daneben die kleineren Schwestern und neben denen die noch kleineren Schwestern. Jedes Kind lehnt den Kopf an die Schulter des n\u00e4chst gr\u00f6\u00dferen Kindes.\"><\/p>\n<h2>Peace<\/h2>\n<p>Prize: Honorable Mention 2021 \/ Portrait (Professional)<\/p>\n<p><a href=\"\/wp-content\/uploads\/2022\/01\/Julie-Jolie-Monochrome-Awards-Portrait_2021.jpg\"><\/a><\/p>\n<\/li>\n<li>\n<p>        <img decoding=\"async\" src=\"\/wp-content\/uploads\/2022\/01\/Julie-Jolie-Monochrome-Fine-Art_2021.jpg\" alt=\"Das Bild zeigt ein Baby in einer kleinen Badewanne sitzend, dahinter seine Schwester die ihn mit Wasser aus einer Karaffe \u00fcbergie\u00dft.\"><\/p>\n<h2>Early shower with sister<\/h2>\n<p>Prize: Honorable Mention 2021 \/ Fine Art (Professional)<\/p>\n<p><a href=\"\/wp-content\/uploads\/2022\/01\/Julie-Jolie-Monochrome-Fine-Art_2021.jpg\"><\/a><\/p>\n<\/li>\n<\/ul>\n<p><!--more--><br \/>\n<!-- {\"type\":\"layout\",\"children\":[{\"name\":\"Monochrome Awards\",\"type\":\"section\",\"props\":{\"image_position\":\"center-center\",\"image_size\":\"cover\",\"padding\":\"large\",\"padding_remove_top\":false,\"style\":\"default\",\"title_breakpoint\":\"xl\",\"title_position\":\"top-left\",\"title_rotation\":\"left\",\"vertical_align\":\"middle\",\"width\":\"expand\"},\"children\":[{\"name\":\"\",\"type\":\"row\",\"props\":{\"margin\":\"large\",\"width\":\"xlarge\"},\"children\":[{\"name\":\"\",\"type\":\"column\",\"props\":{\"image_position\":\"center-center\",\"media_overlay_gradient\":\"\",\"position_sticky_breakpoint\":\"m\",\"width_medium\":\"1-1\"},\"children\":[{\"type\":\"image\",\"props\":{\"block_align\":\"center\",\"image\":\"wp-content\\\/uploads\\\/2022\\\/01\\\/monochrome-logo-bw.jpg\",\"image_alt\":\"Monochrome Awards International Black & White Photography Contest Logo\",\"image_svg_color\":\"emphasis\",\"margin\":\"default\",\"maxwidth\":\"medium\"}},{\"name\":\"\",\"type\":\"text\",\"props\":{\"column_breakpoint\":\"m\",\"content\":\"\n\n<p><span>The Monochrome Awards, a special competition exclusively for black and white photographs, has been an award for photographers worldwide since 2014. <\\\/span><\\\/p>\\n\n\n<p><span>Again, it's not just about babies, but in principle about all types of photography, as long as they are monochrome, i.e. black &amp; white. <\\\/span><\\\/p>\\n\n\n<p><span>The awards describe themselves as follows: \\\"The Monochrome Awards are primarily aimed at people for whom photography is a passion and a way of life. It is a platform where professionals and amateurs can submit their shots in a sea of ambitious and creative photographers from all over the world,... to show their work to an international audience.\\\" <\\\/span><\\\/p>\\n\n\n<p><span>Numerous categories, whether fashion, art, landscape or architectural photography, offer a wide range for countless artists.<\\\/span><\\\/p>\\n\n\n<p><span>Those who are addicted to traditional photography will find breathtaking photos here.<\\\/span><\\\/p>\\n\n\n<p><span>I am therefore very pleased that my pictures have attracted attention despite the abundance of photographers and great photos. The baby photography is not particularly highlighted in this competition so that I was rather afraid that the pictures \\\"go down\\\".<\\\/span><\\\/p>\",\"margin\":\"default\",\"text_align\":\"center\",\"text_style\":\"large\"}}]}]},{\"type\":\"row\",\"children\":[{\"type\":\"column\",\"props\":{\"image_position\":\"center-center\",\"media_overlay_gradient\":\"\",\"position_sticky_breakpoint\":\"m\"},\"children\":[{\"type\":\"headline\",\"props\":{\"content\":\"Monochrome Awards 2021\",\"title_element\":\"h2\"}},{\"name\":\"\",\"type\":\"grid\",\"props\":{\"content_column_breakpoint\":\"m\",\"filter_align\":\"left\",\"filter_all\":true,\"filter_grid_breakpoint\":\"m\",\"filter_grid_width\":\"auto\",\"filter_position\":\"top\",\"filter_style\":\"tab\",\"grid_column_gap\":\"medium\",\"grid_default\":\"1\",\"grid_divider\":true,\"grid_medium\":\"4\",\"grid_row_gap\":\"medium\",\"grid_small\":\"2\",\"icon_ratio\":4,\"icon_width\":80,\"image_align\":\"top\",\"image_grid_breakpoint\":\"m\",\"image_grid_width\":\"1-2\",\"image_link\":true,\"image_svg_color\":\"emphasis\",\"image_transition\":\"scale-up\",\"image_width\":\"609\",\"item_animation\":true,\"link_style\":\"default\",\"link_text\":\"\",\"margin\":\"large\",\"meta_align\":\"below-title\",\"meta_element\":\"div\",\"meta_margin\":\"remove\",\"meta_style\":\"\",\"parallax_easing\":\"1\",\"show_content\":true,\"show_image\":true,\"show_link\":true,\"show_meta\":true,\"show_title\":true,\"title_align\":\"top\",\"title_element\":\"h2\",\"title_grid_breakpoint\":\"m\",\"title_grid_width\":\"1-2\",\"title_hover_style\":\"reset\",\"title_link\":true,\"title_style\":\"h4\"},\"children\":[{\"name\":\"\",\"type\":\"grid_item\",\"props\":{\"image\":\"wp-content\\\/uploads\\\/2022\\\/01\\\/Julie-Jolie-Monochrome-Awards-Portrait_2021.jpg\",\"image_alt\":\"Das Bild zeigt 5 Kinder und ein Baby. In der Mitte steht der gro\\u00dfe Bruder, der das Baby auf dem Arm h\\u00e4lt, rechts und links daneben die kleineren Schwestern und neben denen die noch kleineren Schwestern. Jedes Kind lehnt den Kopf an die Schulter des n\\u00e4chst gr\\u00f6\\u00dferen Kindes.\",\"link\":\"wp-content\\\/uploads\\\/2022\\\/01\\\/Julie-Jolie-Monochrome-Awards-Portrait_2021.jpg\",\"meta\":\"Prize: Honorable Mention 2021 \\\/ Portrait (Professional)\",\"tags\":\"monochrome Awards, portrait, 2021, baby, family, Fotoshooting\",\"title\":\"Peace\"}},{\"name\":\"\",\"type\":\"grid_item\",\"props\":{\"image\":\"wp-content\\\/uploads\\\/2022\\\/01\\\/Julie-Jolie-Monochrome-Fine-Art_2021.jpg\",\"image_alt\":\"Das Bild zeigt ein Baby in einer kleinen Badewanne sitzend, dahinter seine Schwester die ihn mit Wasser aus einer Karaffe \\u00fcbergie\\u00dft.\",\"link\":\"wp-content\\\/uploads\\\/2022\\\/01\\\/Julie-Jolie-Monochrome-Fine-Art_2021.jpg\",\"meta\":\"Prize: Honorable Mention 2021 \\\/ Fine Art (Professional)\",\"tags\":\"Monochrome Awards, Shooting, Newborn, Honorable Mention, 2021\",\"title\":\"Early shower with sister\"}}]}]}]}]}],\"version\":\"3.0.13\",\"yooessentialsVersion\":\"1.8.12\"} --><\/p>\n","protected":false},"excerpt":{"rendered":"<p>The Monochrome Awards, a special competition exclusively for black and white photographs, has been an award for photographers worldwide since 2014. Again, it&#8217;s not just about babies, but in principle about all types of photography, as long as they are monochrome, i.e. black &amp; white. The awards describe themselves as follows: &#8220;The Monochrome Awards are [&hellip;]<\/p>\n","protected":false},"author":3,"featured_media":0,"parent":0,"menu_order":0,"comment_status":"closed","ping_status":"closed","template":"","meta":{"footnotes":""},"class_list":["post-4496","page","type-page","status-publish","hentry"],"yoast_head":"<title>Monochrome Awards - Julie Jolie Photography | Babyfotografie &amp; Newborn Fotoshooting Gl\u00fccksburg &amp; Hamburg<\/title>\n<meta name=\"robots\" content=\"index, follow, max-snippet:-1, max-image-preview:large, max-video-preview:-1\" \/>\n<link rel=\"canonical\" href=\"https:\/\/julie-jolie.de\/en\/monochrome-awards\/\" \/>\n<meta property=\"og:locale\" content=\"en_US\" \/>\n<meta property=\"og:type\" content=\"article\" \/>\n<meta property=\"og:title\" content=\"Monochrome Awards - Julie Jolie Photography | Babyfotografie &amp; Newborn Fotoshooting Gl\u00fccksburg &amp; Hamburg\" \/>\n<meta property=\"og:description\" content=\"The Monochrome Awards, a special competition exclusively for black and white photographs, has been an award for photographers worldwide since 2014. Again, it&#8217;s not just about babies, but in principle about all types of photography, as long as they are monochrome, i.e. black &amp; white. The awards describe themselves as follows: &#8220;The Monochrome Awards are [&hellip;]\" \/>\n<meta property=\"og:url\" content=\"https:\/\/julie-jolie.de\/en\/monochrome-awards\/\" \/>\n<meta property=\"og:site_name\" content=\"Julie Jolie Photography | Babyfotografie &amp; Newborn Fotoshooting Gl\u00fccksburg &amp; Hamburg\" \/>\n<meta property=\"article:publisher\" content=\"https:\/\/www.facebook.com\/JulieJolieFotografie\/\" \/>\n<meta property=\"article:modified_time\" content=\"2022-11-22T14:38:23+00:00\" \/>\n<meta name=\"twitter:card\" content=\"summary_large_image\" \/>\n<meta name=\"twitter:label1\" content=\"Est. reading time\" \/>\n\t<meta name=\"twitter:data1\" content=\"1 minute\" \/>\n<script type=\"application\/ld+json\" class=\"yoast-schema-graph\">{\"@context\":\"https:\\\/\\\/schema.org\",\"@graph\":[{\"@type\":\"WebPage\",\"@id\":\"https:\\\/\\\/julie-jolie.de\\\/en\\\/monochrome-awards\\\/\",\"url\":\"https:\\\/\\\/julie-jolie.de\\\/en\\\/monochrome-awards\\\/\",\"name\":\"Monochrome Awards - Julie Jolie Photography | Babyfotografie &amp; Newborn Fotoshooting Gl\u00fccksburg &amp; Hamburg\",\"isPartOf\":{\"@id\":\"https:\\\/\\\/julie-jolie.de\\\/en\\\/#website\"},\"datePublished\":\"2022-11-22T08:08:56+00:00\",\"dateModified\":\"2022-11-22T14:38:23+00:00\",\"breadcrumb\":{\"@id\":\"https:\\\/\\\/julie-jolie.de\\\/en\\\/monochrome-awards\\\/#breadcrumb\"},\"inLanguage\":\"en\",\"potentialAction\":[{\"@type\":\"ReadAction\",\"target\":[\"https:\\\/\\\/julie-jolie.de\\\/en\\\/monochrome-awards\\\/\"]}]},{\"@type\":\"BreadcrumbList\",\"@id\":\"https:\\\/\\\/julie-jolie.de\\\/en\\\/monochrome-awards\\\/#breadcrumb\",\"itemListElement\":[{\"@type\":\"ListItem\",\"position\":1,\"name\":\"Startseite\",\"item\":\"https:\\\/\\\/julie-jolie.de\\\/en\\\/\"},{\"@type\":\"ListItem\",\"position\":2,\"name\":\"Monochrome Awards\"}]},{\"@type\":\"WebSite\",\"@id\":\"https:\\\/\\\/julie-jolie.de\\\/en\\\/#website\",\"url\":\"https:\\\/\\\/julie-jolie.de\\\/en\\\/\",\"name\":\"Julie Jolie Photography | Babyfotografie &amp; Newborn Fotoshooting\",\"description\":\"Baby und Neugeborenen Fotografie in Gl\u00fccksburg &amp; Hamburg\",\"publisher\":{\"@id\":\"https:\\\/\\\/julie-jolie.de\\\/en\\\/#organization\"},\"potentialAction\":[{\"@type\":\"SearchAction\",\"target\":{\"@type\":\"EntryPoint\",\"urlTemplate\":\"https:\\\/\\\/julie-jolie.de\\\/en\\\/?s={search_term_string}\"},\"query-input\":{\"@type\":\"PropertyValueSpecification\",\"valueRequired\":true,\"valueName\":\"search_term_string\"}}],\"inLanguage\":\"en\"},{\"@type\":\"Organization\",\"@id\":\"https:\\\/\\\/julie-jolie.de\\\/en\\\/#organization\",\"name\":\"Julie Jolie Photo & Art\",\"url\":\"https:\\\/\\\/julie-jolie.de\\\/en\\\/\",\"logo\":{\"@type\":\"ImageObject\",\"inLanguage\":\"en\",\"@id\":\"https:\\\/\\\/julie-jolie.de\\\/en\\\/#\\\/schema\\\/logo\\\/image\\\/\",\"url\":\"https:\\\/\\\/julie-jolie.de\\\/wp-content\\\/uploads\\\/2021\\\/04\\\/neues-Logo-Schwarz_svg.svg\",\"contentUrl\":\"https:\\\/\\\/julie-jolie.de\\\/wp-content\\\/uploads\\\/2021\\\/04\\\/neues-Logo-Schwarz_svg.svg\",\"width\":1,\"height\":1,\"caption\":\"Julie Jolie Photo & Art\"},\"image\":{\"@id\":\"https:\\\/\\\/julie-jolie.de\\\/en\\\/#\\\/schema\\\/logo\\\/image\\\/\"},\"sameAs\":[\"https:\\\/\\\/www.facebook.com\\\/JulieJolieFotografie\\\/\",\"https:\\\/\\\/www.instagram.com\\\/julie_jolie_fotografie\\\/\",\"https:\\\/\\\/www.pinterest.de\\\/julie_jolie_photography\\\/\"]}]}<\/script>","yoast_head_json":{"title":"Monochrome Awards - Julie Jolie Photography | Babyfotografie &amp; Newborn Fotoshooting Gl\u00fccksburg &amp; Hamburg","robots":{"index":"index","follow":"follow","max-snippet":"max-snippet:-1","max-image-preview":"max-image-preview:large","max-video-preview":"max-video-preview:-1"},"canonical":"https:\/\/julie-jolie.de\/en\/monochrome-awards\/","og_locale":"en_US","og_type":"article","og_title":"Monochrome Awards - Julie Jolie Photography | Babyfotografie &amp; Newborn Fotoshooting Gl\u00fccksburg &amp; Hamburg","og_description":"The Monochrome Awards, a special competition exclusively for black and white photographs, has been an award for photographers worldwide since 2014. Again, it&#8217;s not just about babies, but in principle about all types of photography, as long as they are monochrome, i.e. black &amp; white. The awards describe themselves as follows: &#8220;The Monochrome Awards are [&hellip;]","og_url":"https:\/\/julie-jolie.de\/en\/monochrome-awards\/","og_site_name":"Julie Jolie Photography | Babyfotografie &amp; Newborn Fotoshooting Gl\u00fccksburg &amp; Hamburg","article_publisher":"https:\/\/www.facebook.com\/JulieJolieFotografie\/","article_modified_time":"2022-11-22T14:38:23+00:00","twitter_card":"summary_large_image","twitter_misc":{"Est. reading time":"1 minute"},"schema":{"@context":"https:\/\/schema.org","@graph":[{"@type":"WebPage","@id":"https:\/\/julie-jolie.de\/en\/monochrome-awards\/","url":"https:\/\/julie-jolie.de\/en\/monochrome-awards\/","name":"Monochrome Awards - Julie Jolie Photography | Babyfotografie &amp; Newborn Fotoshooting Gl\u00fccksburg &amp; Hamburg","isPartOf":{"@id":"https:\/\/julie-jolie.de\/en\/#website"},"datePublished":"2022-11-22T08:08:56+00:00","dateModified":"2022-11-22T14:38:23+00:00","breadcrumb":{"@id":"https:\/\/julie-jolie.de\/en\/monochrome-awards\/#breadcrumb"},"inLanguage":"en","potentialAction":[{"@type":"ReadAction","target":["https:\/\/julie-jolie.de\/en\/monochrome-awards\/"]}]},{"@type":"BreadcrumbList","@id":"https:\/\/julie-jolie.de\/en\/monochrome-awards\/#breadcrumb","itemListElement":[{"@type":"ListItem","position":1,"name":"Startseite","item":"https:\/\/julie-jolie.de\/en\/"},{"@type":"ListItem","position":2,"name":"Monochrome Awards"}]},{"@type":"WebSite","@id":"https:\/\/julie-jolie.de\/en\/#website","url":"https:\/\/julie-jolie.de\/en\/","name":"Julie Jolie Photography | Babyfotografie &amp; Newborn Fotoshooting","description":"Baby und Neugeborenen Fotografie in Gl\u00fccksburg &amp; Hamburg","publisher":{"@id":"https:\/\/julie-jolie.de\/en\/#organization"},"potentialAction":[{"@type":"SearchAction","target":{"@type":"EntryPoint","urlTemplate":"https:\/\/julie-jolie.de\/en\/?s={search_term_string}"},"query-input":{"@type":"PropertyValueSpecification","valueRequired":true,"valueName":"search_term_string"}}],"inLanguage":"en"},{"@type":"Organization","@id":"https:\/\/julie-jolie.de\/en\/#organization","name":"Julie Jolie Photo & Art","url":"https:\/\/julie-jolie.de\/en\/","logo":{"@type":"ImageObject","inLanguage":"en","@id":"https:\/\/julie-jolie.de\/en\/#\/schema\/logo\/image\/","url":"https:\/\/julie-jolie.de\/wp-content\/uploads\/2021\/04\/neues-Logo-Schwarz_svg.svg","contentUrl":"https:\/\/julie-jolie.de\/wp-content\/uploads\/2021\/04\/neues-Logo-Schwarz_svg.svg","width":1,"height":1,"caption":"Julie Jolie Photo & Art"},"image":{"@id":"https:\/\/julie-jolie.de\/en\/#\/schema\/logo\/image\/"},"sameAs":["https:\/\/www.facebook.com\/JulieJolieFotografie\/","https:\/\/www.instagram.com\/julie_jolie_fotografie\/","https:\/\/www.pinterest.de\/julie_jolie_photography\/"]}]}},"_links":{"self":[{"href":"https:\/\/julie-jolie.de\/en\/wp-json\/wp\/v2\/pages\/4496","targetHints":{"allow":["GET"]}}],"collection":[{"href":"https:\/\/julie-jolie.de\/en\/wp-json\/wp\/v2\/pages"}],"about":[{"href":"https:\/\/julie-jolie.de\/en\/wp-json\/wp\/v2\/types\/page"}],"author":[{"embeddable":true,"href":"https:\/\/julie-jolie.de\/en\/wp-json\/wp\/v2\/users\/3"}],"replies":[{"embeddable":true,"href":"https:\/\/julie-jolie.de\/en\/wp-json\/wp\/v2\/comments?post=4496"}],"version-history":[{"count":4,"href":"https:\/\/julie-jolie.de\/en\/wp-json\/wp\/v2\/pages\/4496\/revisions"}],"predecessor-version":[{"id":4517,"href":"https:\/\/julie-jolie.de\/en\/wp-json\/wp\/v2\/pages\/4496\/revisions\/4517"}],"wp:attachment":[{"href":"https:\/\/julie-jolie.de\/en\/wp-json\/wp\/v2\/media?parent=4496"}],"curies":[{"name":"wp","href":"https:\/\/api.w.org\/{rel}","templated":true}]}}