{"id":1984,"date":"2021-05-23T16:03:17","date_gmt":"2021-05-23T16:03:17","guid":{"rendered":"https:\/\/julie-jolie.de\/?page_id=1984"},"modified":"2023-06-07T14:22:53","modified_gmt":"2023-06-07T12:22:53","slug":"legal-notice","status":"publish","type":"page","link":"https:\/\/julie-jolie.de\/en\/legal-notice\/","title":{"rendered":"Legal Notice"},"content":{"rendered":"<h1>\n<p>Legal Notice<\/p>\n<\/h1>\n<div>\n<h2>According to \u00a7 5 TMG<\/h2>\n<p>Julie Jolie | Photo &amp; Art<br \/>Juliana K\u00f6nnecke<br \/>Raamstieg 9<br \/>22397 Hamburg<\/p>\n<h3>Contact<\/h3>\n<p>Phone: +49 (4631) 408 038<br \/>Mobile: +49 (151) 212 081 61<\/p>\n<p>Email: <a href=\"mailto:info@julie-jolie.de\">info (at) julie-jolie.de<\/a><br \/>Website: <a href=\"https:\/\/julie-jolie.de\">https:\/\/julie-jolie.de<\/a><\/p>\n<h3>Responsible for the content according to \u00a7 55 Abs. 2 RStV<\/h3>\n<p>Juliana K\u00f6nnecke<br \/>Raamstieg 9<br \/>22397 Hamburg<\/p>\n<h4>Realization of the website<\/h4>\n<p>Hanseatic-Website<\/p>\n<p>Agency for wordpress and IT solutions<\/p>\n<p><a href=\"https:\/\/hanseatic-website.de\/\">www.hanseatic-website.de<\/a><\/p>\n<p>E-Mail: <a href=\"mailto:info@hanseatic-website.de\">info (at) hanseatic-website.de<\/a><\/p>\n<h3>EU dispute settlement<\/h3>\n<p>The European Commission provides a platform for online dispute resolution (OS): https:\/\/ec.europa.eu\/consumers\/odr.<br \/>You can find our email address in the legal notice above.<\/p>\n<h3>Consumer dispute settlement \/ universal arbitration board<\/h3>\n<p>We are neither willing nor obliged to participate in dispute settlement proceedings before a consumer arbitration board.<\/p>\n<h4>Liability for content<\/h4>\n<p>As a service provider, we are responsible for our own content on these pages in accordance with general law in accordance with Section 7 (1) TMG. According to \u00a7\u00a7 8 to 10 TMG, as a service provider, we are not obliged to monitor transmitted or stored third-party information or to research circumstances that indicate illegal activity.<\/p>\n<p>Obligations to remove or block the use of information according to general laws remain unaffected. Liability in this regard is only possible from the point in time at which we become aware of a specific legal violation. As soon as we become aware of such legal violations, we will remove this content immediately.<\/p>\n<h4>Liability for links<\/h4>\n<p>Our offer contains links to external third-party websites over whose content we have no influence. Therefore, we cannot accept any liability for this third-party content. The respective provider or operator of the pages is always responsible for the content of the linked pages. The linked pages were checked for possible legal violations at the time they were linked. No illegal content was found at the time the link was created.<\/p>\n<p>A permanent control of the content of the linked pages is not reasonable without concrete evidence of a violation of the law. As soon as we become aware of legal violations, we will remove such links immediately.<\/p>\n<h4><strong>Copyright<\/strong><\/h4>\n<p>The content and works on these pages created by the website operator are subject to German copyright law. The duplication, processing, distribution and any kind of exploitation outside the limits of copyright law require the written consent of the respective author or creator. Downloads and copies of this website are only permitted for private, non-commercial use.<\/p>\n<p>Insofar as the content on this site was not created by the operator, the copyrights of third parties are observed. In particular contents of third parties are marked as such. Should you nevertheless become aware of a copyright infringement, we request that you notify us accordingly. If we become aware of legal violations, we will remove such content immediately.<\/p>\n<p>Source: <a href=\"https:\/\/www.e-recht24.de\/\">eRecht24<\/a><\/p>\n<\/div>\n<div>\n<p>        <img decoding=\"async\" src=\"\/wp-content\/uploads\/2021\/06\/JJP_8137-scaled.jpg\" alt=\"Juliana with her Baby Photo Awards Trophy 2021 sitting on the beach.\"><\/p>\n<h3>Juliana K\u00f6nnecke<\/h3>\n<div>\n<p>Photography is my fervour, my passion. If Mark Twain has his way, I&#8217;ll never have to work another day in my life. And that feels good!<\/p>\n<\/div>\n<p><a href=\"\/ueber-mich\/\">Read more<\/a><\/p>\n<\/div>\n<p><img decoding=\"async\" src=\"\/wp-content\/uploads\/2021\/05\/DSC_0024a-scaled.jpg\" alt=\"Ein Baby liegt schlafend in einem gro\u00dfen Traumf\u00e4nger, der an einem in das Bild ragenden Ast aufgeh\u00e4ngt ist.\"><\/p>\n<h2>Blog Articles<\/h2>\n<div>\n<\/div>\n<h2>Blog Articles<\/h2>\n<div>\n<\/div>\n<p><!--more--><br \/>\n<!-- {\"name\":\"Julie Jolie Impressum NEU\",\"type\":\"layout\",\"children\":[{\"type\":\"section\",\"props\":{\"image_position\":\"center-center\",\"style\":\"default\",\"title_breakpoint\":\"xl\",\"title_position\":\"top-left\",\"title_rotation\":\"left\",\"vertical_align\":\"middle\",\"width\":\"default\"},\"children\":[{\"type\":\"row\",\"props\":{\"column_gap\":\"large\",\"layout\":\"3-4,1-4\"},\"children\":[{\"type\":\"column\",\"props\":{\"image_position\":\"center-center\",\"position_sticky_breakpoint\":\"m\",\"width_medium\":\"3-4\",\"width_small\":\"2-3\"},\"children\":[{\"type\":\"headline\",\"props\":{\"content\":\"\n\n<p>Legal Notice<\\\/p>\",\"title_element\":\"h1\"}},{\"type\":\"text\",\"props\":{\"column_breakpoint\":\"m\",\"content\":\"\n\n<h2>According to \\u00a7 5 TMG<\\\/h2>\\n\n\n<p><br \\\/>Julie Jolie | Photo &amp; Art<br \\\/>Juliana K\\u00f6nnecke<br \\\/>Raamstieg 9<br \\\/>22397 Hamburg<\\\/p>\\n\n\n<h3>Contact<\\\/h3>\\n\n\n<p>Phone: +49 (4631) 408 038<br \\\/>Mobile: +49 (151) 212 081 61<\\\/p>\\n\n\n<p>Email: <a href=\\\"mailto:info@julie-jolie.de\\\">info (at) julie-jolie.de<\\\/a><br \\\/>Website: <a href=\\\"https:\\\/\\\/julie-jolie.de\\\">https:\\\/\\\/julie-jolie.de<\\\/a><\\\/p>\\n\n\n<h3>Responsible for the content according to \\u00a7 55 Abs. 2 RStV<\\\/h3>\\n\n\n<p>Juliana K\\u00f6nnecke<br \\\/>Raamstieg 9<br \\\/>22397 Hamburg<\\\/p>\\n\n\n<h4>Realization of the website<\\\/h4>\\n\n\n<p>Hanseatic-Website<\\\/p>\\n\n\n<p>Agency for wordpress and IT solutions<\\\/p>\\n\n\n<p><a href=\\\"https:\\\/\\\/hanseatic-website.de\\\/\\\">www.hanseatic-website.de<\\\/a><\\\/p>\\n\n\n<p>E-Mail: <a href=\\\"mailto:info@hanseatic-website.de\\\">info (at) hanseatic-website.de<\\\/a><\\\/p>\\n\n\n<h3>EU dispute settlement<\\\/h3>\\n\n\n<p>The European Commission provides a platform for online dispute resolution (OS): https:\\\/\\\/ec.europa.eu\\\/consumers\\\/odr.<br \\\/>You can find our email address in the legal notice above.<\\\/p>\\n\n\n<h3>Consumer dispute settlement \\\/ universal arbitration board<\\\/h3>\\n\n\n<p>We are neither willing nor obliged to participate in dispute settlement proceedings before a consumer arbitration board.<\\\/p>\\n\n\n<h4>Liability for content<\\\/h4>\\n\n\n<p>As a service provider, we are responsible for our own content on these pages in accordance with general law in accordance with Section 7 (1) TMG. According to \\u00a7\\u00a7 8 to 10 TMG, as a service provider, we are not obliged to monitor transmitted or stored third-party information or to research circumstances that indicate illegal activity.<\\\/p>\\n\n\n<p>Obligations to remove or block the use of information according to general laws remain unaffected. Liability in this regard is only possible from the point in time at which we become aware of a specific legal violation. As soon as we become aware of such legal violations, we will remove this content immediately.<\\\/p>\\n\n\n<h4>Liability for links<\\\/h4>\\n\n\n<p>Our offer contains links to external third-party websites over whose content we have no influence. Therefore, we cannot accept any liability for this third-party content. The respective provider or operator of the pages is always responsible for the content of the linked pages. The linked pages were checked for possible legal violations at the time they were linked. No illegal content was found at the time the link was created.<\\\/p>\\n\n\n<p>A permanent control of the content of the linked pages is not reasonable without concrete evidence of a violation of the law. As soon as we become aware of legal violations, we will remove such links immediately.<\\\/p>\\n\n\n<h4><strong>Copyright<\\\/strong><\\\/h4>\\n\n\n<p>The content and works on these pages created by the website operator are subject to German copyright law. The duplication, processing, distribution and any kind of exploitation outside the limits of copyright law require the written consent of the respective author or creator. Downloads and copies of this website are only permitted for private, non-commercial use.<\\\/p>\\n\n\n<p>Insofar as the content on this site was not created by the operator, the copyrights of third parties are observed. In particular contents of third parties are marked as such. Should you nevertheless become aware of a copyright infringement, we request that you notify us accordingly. If we become aware of legal violations, we will remove such content immediately.<\\\/p>\\n\n\n<p>Source: <a href=\\\"https:\\\/\\\/www.e-recht24.de\\\/\\\">eRecht24<\\\/a><\\\/p>\",\"margin\":\"medium\"}},{\"type\":\"pagination\",\"props\":{\"pagination_space_between\":true,\"pagination_type\":\"previous\\\/next\",\"text_align\":\"center\"}}]},{\"type\":\"column\",\"props\":{\"image_position\":\"center-center\",\"position_sticky_breakpoint\":\"m\",\"width_medium\":\"1-4\",\"width_small\":\"1-3\"},\"children\":[{\"type\":\"panel\",\"props\":{\"block_align\":\"center\",\"content\":\"\n\n<p>Photography is my fervour, my passion. If Mark Twain has his way, I'll never have to work another day in my life. And that feels good!<\\\/p>\",\"content_column_breakpoint\":\"m\",\"icon_width\":80,\"image\":\"wp-content\\\/uploads\\\/2021\\\/06\\\/JJP_8137-scaled.jpg\",\"image_align\":\"top\",\"image_alt\":\"Juliana with her Baby Photo Awards Trophy 2021 sitting on the beach.\",\"image_border\":\"circle\",\"image_grid_breakpoint\":\"m\",\"image_grid_width\":\"1-2\",\"image_height\":\"120\",\"image_link\":true,\"image_svg_color\":\"emphasis\",\"image_width\":\"100\",\"link\":\"ueber-mich\\\/\",\"link_style\":\"default\",\"link_text\":\"Read more\",\"margin\":\"default\",\"maxwidth\":\"large\",\"maxwidth_breakpoint\":\"s\",\"meta\":\"\",\"meta_align\":\"below-title\",\"meta_element\":\"div\",\"meta_style\":\"\",\"text_align\":\"center\",\"title\":\"Juliana K\\u00f6nnecke\",\"title_align\":\"top\",\"title_element\":\"h3\",\"title_grid_breakpoint\":\"m\",\"title_grid_width\":\"1-2\",\"title_hover_style\":\"reset\"}},{\"type\":\"image\",\"props\":{\"block_align\":\"center\",\"image\":\"wp-content\\\/uploads\\\/2021\\\/05\\\/DSC_0024a-scaled.jpg\",\"image_alt\":\"Ein Baby liegt schlafend in einem gro\\u00dfen Traumf\\u00e4nger, der an einem in das Bild ragenden Ast aufgeh\\u00e4ngt ist.\",\"image_svg_color\":\"emphasis\",\"image_width\":\"610\",\"margin\":\"medium\",\"maxwidth\":\"large\",\"maxwidth_breakpoint\":\"s\"}},{\"type\":\"headline\",\"props\":{\"content\":\"Blog Articles\",\"title_decoration\":\"line\",\"title_element\":\"h2\",\"title_style\":\"h4\",\"visibility\":\"m\"},\"name\":\"Headline\"},{\"type\":\"grid\",\"props\":{\"content_column_breakpoint\":\"m\",\"filter_align\":\"left\",\"filter_all\":true,\"filter_grid_breakpoint\":\"m\",\"filter_grid_width\":\"auto\",\"filter_position\":\"top\",\"filter_style\":\"tab\",\"grid_default\":\"1\",\"grid_divider\":true,\"grid_medium\":\"\",\"grid_row_gap\":\"medium\",\"icon_width\":\"\",\"image_align\":\"left\",\"image_grid_breakpoint\":\"\",\"image_grid_column_gap\":\"small\",\"image_grid_row_gap\":\"medium\",\"image_grid_width\":\"auto\",\"image_height\":\"80\",\"image_link\":true,\"image_svg_color\":\"emphasis\",\"image_vertical_align\":true,\"image_width\":\"80\",\"item_animation\":true,\"link_style\":\"default\",\"link_text\":\"\",\"margin\":\"default\",\"meta_align\":\"below-title\",\"meta_element\":\"div\",\"meta_style\":\"text-meta\",\"parallax_easing\":\"1\",\"show_content\":true,\"show_image\":true,\"show_link\":true,\"show_meta\":true,\"show_title\":true,\"title_align\":\"top\",\"title_element\":\"h3\",\"title_grid_breakpoint\":\"m\",\"title_grid_width\":\"1-2\",\"title_hover_style\":\"reset\",\"title_link\":true,\"title_style\":\"h5\",\"visibility\":\"m\"},\"children\":[{\"type\":\"grid_item\",\"source\":{\"query\":{\"name\":\"posts.customPosts\",\"arguments\":{\"terms\":[33,34,23],\"offset\":0,\"limit\":4,\"order\":\"date\",\"order_direction\":\"DESC\"}},\"props\":{\"title\":{\"filters\":{\"search\":\"\"},\"name\":\"title\"},\"meta\":{\"filters\":{\"search\":\"\",\"date\":\"\"},\"name\":\"date\"},\"image\":{\"filters\":{\"search\":\"\"},\"name\":\"featuredImage.url\"},\"image_alt\":{\"filters\":{\"search\":\"\"},\"name\":\"featuredImage.alt\"},\"link\":{\"filters\":{\"search\":\"\"},\"name\":\"link\"},\"tags\":{\"filters\":{\"search\":\"\"},\"arguments\":{\"separator\":\", \",\"show_link\":true,\"link_style\":\"\"},\"name\":\"post_tagString\"}}}}]}]}]},{\"type\":\"row\",\"children\":[{\"type\":\"column\",\"props\":{\"image_position\":\"center-center\",\"position_sticky_breakpoint\":\"m\"},\"children\":[{\"type\":\"headline\",\"props\":{\"content\":\"Blog Articles\",\"title_decoration\":\"line\",\"title_element\":\"h2\",\"title_style\":\"h4\",\"visibility\":\"hidden-m\"},\"name\":\"Headline\"},{\"type\":\"grid\",\"props\":{\"content_column_breakpoint\":\"m\",\"filter_align\":\"left\",\"filter_all\":true,\"filter_grid_breakpoint\":\"m\",\"filter_grid_width\":\"auto\",\"filter_position\":\"top\",\"filter_style\":\"tab\",\"grid_default\":\"1\",\"grid_divider\":true,\"grid_medium\":\"\",\"grid_row_gap\":\"small\",\"icon_width\":\"\",\"image_align\":\"left\",\"image_grid_breakpoint\":\"\",\"image_grid_column_gap\":\"small\",\"image_grid_row_gap\":\"medium\",\"image_grid_width\":\"auto\",\"image_height\":\"80\",\"image_link\":true,\"image_svg_color\":\"emphasis\",\"image_vertical_align\":true,\"image_width\":\"80\",\"item_animation\":true,\"link_style\":\"default\",\"link_text\":\"\",\"margin\":\"default\",\"meta_align\":\"below-title\",\"meta_element\":\"div\",\"meta_style\":\"text-meta\",\"parallax_easing\":\"1\",\"show_content\":true,\"show_image\":true,\"show_link\":true,\"show_meta\":true,\"show_title\":true,\"title_align\":\"top\",\"title_element\":\"h3\",\"title_grid_breakpoint\":\"m\",\"title_grid_width\":\"1-2\",\"title_hover_style\":\"reset\",\"title_link\":true,\"title_style\":\"h5\",\"visibility\":\"hidden-m\"},\"children\":[{\"type\":\"grid_item\",\"source\":{\"query\":{\"name\":\"posts.customPosts\",\"arguments\":{\"terms\":[33,34,23],\"offset\":0,\"limit\":4,\"order\":\"date\",\"order_direction\":\"DESC\"}},\"props\":{\"title\":{\"filters\":{\"search\":\"\"},\"name\":\"title\"},\"meta\":{\"filters\":{\"search\":\"\",\"date\":\"\"},\"name\":\"date\"},\"image\":{\"filters\":{\"search\":\"\"},\"name\":\"featuredImage.url\"},\"image_alt\":{\"filters\":{\"search\":\"\"},\"name\":\"featuredImage.alt\"},\"link\":{\"filters\":{\"search\":\"\"},\"name\":\"link\"},\"tags\":{\"filters\":{\"search\":\"\"},\"arguments\":{\"separator\":\", \",\"show_link\":true,\"link_style\":\"\"},\"name\":\"post_tagString\"}}}}]}]}]}],\"name\":\"Post\"}],\"version\":\"4.0.5\",\"yooessentialsVersion\":\"2.0.7\"} --><\/p>\n","protected":false},"excerpt":{"rendered":"<p>Legal Notice According to \u00a7 5 TMG Julie Jolie | Photo &amp; ArtJuliana K\u00f6nneckeRaamstieg 922397 Hamburg Contact Phone: +49 (4631) 408 038Mobile: +49 (151) 212 081 61 Email: info (at) julie-jolie.deWebsite: https:\/\/julie-jolie.de Responsible for the content according to \u00a7 55 Abs. 2 RStV Juliana K\u00f6nneckeRaamstieg 922397 Hamburg Realization of the website Hanseatic-Website Agency for wordpress [&hellip;]<\/p>\n","protected":false},"author":3,"featured_media":0,"parent":0,"menu_order":0,"comment_status":"closed","ping_status":"closed","template":"","meta":{"footnotes":""},"class_list":["post-1984","page","type-page","status-publish","hentry"],"yoast_head":"<title>Legal Notice - Julie Jolie Photography | Babyfotografie &amp; Newborn Fotoshooting Gl\u00fccksburg &amp; Hamburg<\/title>\n<meta name=\"robots\" content=\"index, follow, max-snippet:-1, max-image-preview:large, max-video-preview:-1\" \/>\n<link rel=\"canonical\" href=\"https:\/\/julie-jolie.de\/en\/legal-notice\/\" \/>\n<meta property=\"og:locale\" content=\"en_US\" \/>\n<meta property=\"og:type\" content=\"article\" \/>\n<meta property=\"og:title\" content=\"Legal Notice - Julie Jolie Photography | Babyfotografie &amp; Newborn Fotoshooting Gl\u00fccksburg &amp; Hamburg\" \/>\n<meta property=\"og:description\" content=\"Legal Notice According to \u00a7 5 TMG Julie Jolie | Photo &amp; ArtJuliana K\u00f6nneckeRaamstieg 922397 Hamburg Contact Phone: +49 (4631) 408 038Mobile: +49 (151) 212 081 61 Email: info (at) julie-jolie.deWebsite: https:\/\/julie-jolie.de Responsible for the content according to \u00a7 55 Abs. 2 RStV Juliana K\u00f6nneckeRaamstieg 922397 Hamburg Realization of the website Hanseatic-Website Agency for wordpress [&hellip;]\" \/>\n<meta property=\"og:url\" content=\"https:\/\/julie-jolie.de\/en\/legal-notice\/\" \/>\n<meta property=\"og:site_name\" content=\"Julie Jolie Photography | Babyfotografie &amp; Newborn Fotoshooting Gl\u00fccksburg &amp; Hamburg\" \/>\n<meta property=\"article:publisher\" content=\"https:\/\/www.facebook.com\/JulieJolieFotografie\/\" \/>\n<meta property=\"article:modified_time\" content=\"2023-06-07T12:22:53+00:00\" \/>\n<meta name=\"twitter:card\" content=\"summary_large_image\" \/>\n<meta name=\"twitter:label1\" content=\"Est. reading time\" \/>\n\t<meta name=\"twitter:data1\" content=\"2 minutes\" \/>\n<script type=\"application\/ld+json\" class=\"yoast-schema-graph\">{\"@context\":\"https:\\\/\\\/schema.org\",\"@graph\":[{\"@type\":\"WebPage\",\"@id\":\"https:\\\/\\\/julie-jolie.de\\\/en\\\/legal-notice\\\/\",\"url\":\"https:\\\/\\\/julie-jolie.de\\\/en\\\/legal-notice\\\/\",\"name\":\"Legal Notice - Julie Jolie Photography | Babyfotografie &amp; Newborn Fotoshooting Gl\u00fccksburg &amp; Hamburg\",\"isPartOf\":{\"@id\":\"https:\\\/\\\/julie-jolie.de\\\/en\\\/#website\"},\"datePublished\":\"2021-05-23T16:03:17+00:00\",\"dateModified\":\"2023-06-07T12:22:53+00:00\",\"breadcrumb\":{\"@id\":\"https:\\\/\\\/julie-jolie.de\\\/en\\\/legal-notice\\\/#breadcrumb\"},\"inLanguage\":\"en\",\"potentialAction\":[{\"@type\":\"ReadAction\",\"target\":[\"https:\\\/\\\/julie-jolie.de\\\/en\\\/legal-notice\\\/\"]}]},{\"@type\":\"BreadcrumbList\",\"@id\":\"https:\\\/\\\/julie-jolie.de\\\/en\\\/legal-notice\\\/#breadcrumb\",\"itemListElement\":[{\"@type\":\"ListItem\",\"position\":1,\"name\":\"Startseite\",\"item\":\"https:\\\/\\\/julie-jolie.de\\\/en\\\/\"},{\"@type\":\"ListItem\",\"position\":2,\"name\":\"Legal Notice\"}]},{\"@type\":\"WebSite\",\"@id\":\"https:\\\/\\\/julie-jolie.de\\\/en\\\/#website\",\"url\":\"https:\\\/\\\/julie-jolie.de\\\/en\\\/\",\"name\":\"Julie Jolie Photography | Babyfotografie &amp; Newborn Fotoshooting\",\"description\":\"Baby und Neugeborenen Fotografie in Gl\u00fccksburg &amp; Hamburg\",\"publisher\":{\"@id\":\"https:\\\/\\\/julie-jolie.de\\\/en\\\/#organization\"},\"potentialAction\":[{\"@type\":\"SearchAction\",\"target\":{\"@type\":\"EntryPoint\",\"urlTemplate\":\"https:\\\/\\\/julie-jolie.de\\\/en\\\/?s={search_term_string}\"},\"query-input\":{\"@type\":\"PropertyValueSpecification\",\"valueRequired\":true,\"valueName\":\"search_term_string\"}}],\"inLanguage\":\"en\"},{\"@type\":\"Organization\",\"@id\":\"https:\\\/\\\/julie-jolie.de\\\/en\\\/#organization\",\"name\":\"Julie Jolie Photo & Art\",\"url\":\"https:\\\/\\\/julie-jolie.de\\\/en\\\/\",\"logo\":{\"@type\":\"ImageObject\",\"inLanguage\":\"en\",\"@id\":\"https:\\\/\\\/julie-jolie.de\\\/en\\\/#\\\/schema\\\/logo\\\/image\\\/\",\"url\":\"https:\\\/\\\/julie-jolie.de\\\/wp-content\\\/uploads\\\/2021\\\/04\\\/neues-Logo-Schwarz_svg.svg\",\"contentUrl\":\"https:\\\/\\\/julie-jolie.de\\\/wp-content\\\/uploads\\\/2021\\\/04\\\/neues-Logo-Schwarz_svg.svg\",\"width\":1,\"height\":1,\"caption\":\"Julie Jolie Photo & Art\"},\"image\":{\"@id\":\"https:\\\/\\\/julie-jolie.de\\\/en\\\/#\\\/schema\\\/logo\\\/image\\\/\"},\"sameAs\":[\"https:\\\/\\\/www.facebook.com\\\/JulieJolieFotografie\\\/\",\"https:\\\/\\\/www.instagram.com\\\/julie_jolie_fotografie\\\/\",\"https:\\\/\\\/www.pinterest.de\\\/julie_jolie_photography\\\/\"]}]}<\/script>","yoast_head_json":{"title":"Legal Notice - Julie Jolie Photography | Babyfotografie &amp; Newborn Fotoshooting Gl\u00fccksburg &amp; Hamburg","robots":{"index":"index","follow":"follow","max-snippet":"max-snippet:-1","max-image-preview":"max-image-preview:large","max-video-preview":"max-video-preview:-1"},"canonical":"https:\/\/julie-jolie.de\/en\/legal-notice\/","og_locale":"en_US","og_type":"article","og_title":"Legal Notice - Julie Jolie Photography | Babyfotografie &amp; Newborn Fotoshooting Gl\u00fccksburg &amp; Hamburg","og_description":"Legal Notice According to \u00a7 5 TMG Julie Jolie | Photo &amp; ArtJuliana K\u00f6nneckeRaamstieg 922397 Hamburg Contact Phone: +49 (4631) 408 038Mobile: +49 (151) 212 081 61 Email: info (at) julie-jolie.deWebsite: https:\/\/julie-jolie.de Responsible for the content according to \u00a7 55 Abs. 2 RStV Juliana K\u00f6nneckeRaamstieg 922397 Hamburg Realization of the website Hanseatic-Website Agency for wordpress [&hellip;]","og_url":"https:\/\/julie-jolie.de\/en\/legal-notice\/","og_site_name":"Julie Jolie Photography | Babyfotografie &amp; Newborn Fotoshooting Gl\u00fccksburg &amp; Hamburg","article_publisher":"https:\/\/www.facebook.com\/JulieJolieFotografie\/","article_modified_time":"2023-06-07T12:22:53+00:00","twitter_card":"summary_large_image","twitter_misc":{"Est. reading time":"2 minutes"},"schema":{"@context":"https:\/\/schema.org","@graph":[{"@type":"WebPage","@id":"https:\/\/julie-jolie.de\/en\/legal-notice\/","url":"https:\/\/julie-jolie.de\/en\/legal-notice\/","name":"Legal Notice - Julie Jolie Photography | Babyfotografie &amp; Newborn Fotoshooting Gl\u00fccksburg &amp; Hamburg","isPartOf":{"@id":"https:\/\/julie-jolie.de\/en\/#website"},"datePublished":"2021-05-23T16:03:17+00:00","dateModified":"2023-06-07T12:22:53+00:00","breadcrumb":{"@id":"https:\/\/julie-jolie.de\/en\/legal-notice\/#breadcrumb"},"inLanguage":"en","potentialAction":[{"@type":"ReadAction","target":["https:\/\/julie-jolie.de\/en\/legal-notice\/"]}]},{"@type":"BreadcrumbList","@id":"https:\/\/julie-jolie.de\/en\/legal-notice\/#breadcrumb","itemListElement":[{"@type":"ListItem","position":1,"name":"Startseite","item":"https:\/\/julie-jolie.de\/en\/"},{"@type":"ListItem","position":2,"name":"Legal Notice"}]},{"@type":"WebSite","@id":"https:\/\/julie-jolie.de\/en\/#website","url":"https:\/\/julie-jolie.de\/en\/","name":"Julie Jolie Photography | Babyfotografie &amp; Newborn Fotoshooting","description":"Baby und Neugeborenen Fotografie in Gl\u00fccksburg &amp; Hamburg","publisher":{"@id":"https:\/\/julie-jolie.de\/en\/#organization"},"potentialAction":[{"@type":"SearchAction","target":{"@type":"EntryPoint","urlTemplate":"https:\/\/julie-jolie.de\/en\/?s={search_term_string}"},"query-input":{"@type":"PropertyValueSpecification","valueRequired":true,"valueName":"search_term_string"}}],"inLanguage":"en"},{"@type":"Organization","@id":"https:\/\/julie-jolie.de\/en\/#organization","name":"Julie Jolie Photo & Art","url":"https:\/\/julie-jolie.de\/en\/","logo":{"@type":"ImageObject","inLanguage":"en","@id":"https:\/\/julie-jolie.de\/en\/#\/schema\/logo\/image\/","url":"https:\/\/julie-jolie.de\/wp-content\/uploads\/2021\/04\/neues-Logo-Schwarz_svg.svg","contentUrl":"https:\/\/julie-jolie.de\/wp-content\/uploads\/2021\/04\/neues-Logo-Schwarz_svg.svg","width":1,"height":1,"caption":"Julie Jolie Photo & Art"},"image":{"@id":"https:\/\/julie-jolie.de\/en\/#\/schema\/logo\/image\/"},"sameAs":["https:\/\/www.facebook.com\/JulieJolieFotografie\/","https:\/\/www.instagram.com\/julie_jolie_fotografie\/","https:\/\/www.pinterest.de\/julie_jolie_photography\/"]}]}},"_links":{"self":[{"href":"https:\/\/julie-jolie.de\/en\/wp-json\/wp\/v2\/pages\/1984","targetHints":{"allow":["GET"]}}],"collection":[{"href":"https:\/\/julie-jolie.de\/en\/wp-json\/wp\/v2\/pages"}],"about":[{"href":"https:\/\/julie-jolie.de\/en\/wp-json\/wp\/v2\/types\/page"}],"author":[{"embeddable":true,"href":"https:\/\/julie-jolie.de\/en\/wp-json\/wp\/v2\/users\/3"}],"replies":[{"embeddable":true,"href":"https:\/\/julie-jolie.de\/en\/wp-json\/wp\/v2\/comments?post=1984"}],"version-history":[{"count":6,"href":"https:\/\/julie-jolie.de\/en\/wp-json\/wp\/v2\/pages\/1984\/revisions"}],"predecessor-version":[{"id":5559,"href":"https:\/\/julie-jolie.de\/en\/wp-json\/wp\/v2\/pages\/1984\/revisions\/5559"}],"wp:attachment":[{"href":"https:\/\/julie-jolie.de\/en\/wp-json\/wp\/v2\/media?parent=1984"}],"curies":[{"name":"wp","href":"https:\/\/api.w.org\/{rel}","templated":true}]}}